{"id":51,"date":"2016-04-18T13:13:42","date_gmt":"2016-04-18T12:13:42","guid":{"rendered":"http:\/\/afan.fr\/blog\/?page_id=51"},"modified":"2026-04-18T14:41:57","modified_gmt":"2026-04-18T13:41:57","slug":"magazn","status":"publish","type":"page","link":"https:\/\/afan.fr\/blog\/index.php\/magazn\/","title":{"rendered":"MAGAZ&#8217;N"},"content":{"rendered":"<h4 style=\"text-align: left;\"><span style=\"color: #3366ff;\">Dernier Bulletin paru : <span style=\"text-decoration: underline;\">188 <\/span>&#8211; <em>Post\u00e9 le 13\/04\/2026<\/em><br \/><em>(r\u00e9serv\u00e9 aux adh\u00e9rents, quatri\u00e8me et dernier de l&#8217;exercice 2025).<\/em><\/span><\/h4>\n\n\n<p><em>Exp\u00e9di\u00e9 uniquement aux adh\u00e9rents \u00e0 jour de leur cotisation 2025<\/em><\/p>\n\n\n\n<figure class=\"wp-block-image size-large\"><img loading=\"lazy\" decoding=\"async\" width=\"723\" height=\"1024\" src=\"http:\/\/afan.fr\/blog\/wp-content\/uploads\/2026\/04\/188-723x1024.jpg\" alt=\"\" class=\"wp-image-5639\" srcset=\"https:\/\/afan.fr\/blog\/wp-content\/uploads\/2026\/04\/188-723x1024.jpg 723w, https:\/\/afan.fr\/blog\/wp-content\/uploads\/2026\/04\/188-212x300.jpg 212w, https:\/\/afan.fr\/blog\/wp-content\/uploads\/2026\/04\/188-768x1088.jpg 768w, https:\/\/afan.fr\/blog\/wp-content\/uploads\/2026\/04\/188-1084x1536.jpg 1084w, https:\/\/afan.fr\/blog\/wp-content\/uploads\/2026\/04\/188-1445x2048.jpg 1445w, https:\/\/afan.fr\/blog\/wp-content\/uploads\/2026\/04\/188.jpg 1460w\" sizes=\"auto, (max-width: 723px) 100vw, 723px\" \/><\/figure>\n\n\n\n<p class=\"has-text-align-left has-vivid-cyan-blue-color has-text-color\">Prochain Bulletin \u00a0: vers <strong>mi juin2026 <\/strong>(<em>premier de l&#8217;exercice 2026<\/em>). <\/p>\n\n\n\n<p class=\"has-text-align-left has-very-light-gray-color has-vivid-cyan-blue-background-color has-text-color has-background\">Visualisez les couvertures pr\u00e9c\u00e9dentes et tous les sommaires correspondants sur notre site Internet.<\/p>\n","protected":false},"excerpt":{"rendered":"<p>Dernier Bulletin paru : 188 &#8211; Post\u00e9 le 13\/04\/2026(r\u00e9serv\u00e9 aux adh\u00e9rents, quatri\u00e8me et dernier de l&#8217;exercice 2025). Exp\u00e9di\u00e9 uniquement aux adh\u00e9rents \u00e0 jour de leur cotisation 2025 Prochain Bulletin \u00a0: vers mi juin2026 (premier de l&#8217;exercice 2026). Visualisez les couvertures pr\u00e9c\u00e9dentes et tous les sommaires correspondants sur notre site Internet.<\/p>\n","protected":false},"author":1,"featured_media":0,"parent":0,"menu_order":3,"comment_status":"closed","ping_status":"closed","template":"page-full-width.php","meta":{"_s2mail":"yes","footnotes":""},"class_list":["post-51","page","type-page","status-publish","hentry"],"_links":{"self":[{"href":"https:\/\/afan.fr\/blog\/index.php\/wp-json\/wp\/v2\/pages\/51","targetHints":{"allow":["GET"]}}],"collection":[{"href":"https:\/\/afan.fr\/blog\/index.php\/wp-json\/wp\/v2\/pages"}],"about":[{"href":"https:\/\/afan.fr\/blog\/index.php\/wp-json\/wp\/v2\/types\/page"}],"author":[{"embeddable":true,"href":"https:\/\/afan.fr\/blog\/index.php\/wp-json\/wp\/v2\/users\/1"}],"replies":[{"embeddable":true,"href":"https:\/\/afan.fr\/blog\/index.php\/wp-json\/wp\/v2\/comments?post=51"}],"version-history":[{"count":54,"href":"https:\/\/afan.fr\/blog\/index.php\/wp-json\/wp\/v2\/pages\/51\/revisions"}],"predecessor-version":[{"id":5659,"href":"https:\/\/afan.fr\/blog\/index.php\/wp-json\/wp\/v2\/pages\/51\/revisions\/5659"}],"wp:attachment":[{"href":"https:\/\/afan.fr\/blog\/index.php\/wp-json\/wp\/v2\/media?parent=51"}],"curies":[{"name":"wp","href":"https:\/\/api.w.org\/{rel}","templated":true}]}}