{"id":4181,"date":"2023-04-07T07:40:22","date_gmt":"2023-04-07T06:40:22","guid":{"rendered":"http:\/\/afan.fr\/blog\/?page_id=4181"},"modified":"2025-04-21T13:47:03","modified_gmt":"2025-04-21T12:47:03","slug":"concours-2025","status":"publish","type":"page","link":"https:\/\/afan.fr\/blog\/index.php\/concours-2025\/","title":{"rendered":"Concours 2025"},"content":{"rendered":"\n<p>L&#8217;Association Fran\u00e7aise des Amis du N, le Club de Bourges et la revue Rail Miniature Flash ont organis\u00e9 un concours de r\u00e9alisation de modules &#8220;SceNic&#8221; \u00e0 l&#8217;\u00e9chelle N. Ce concours, initialement pr\u00e9vu \u00e0 St Mand\u00e9, s&#8217;est finalement tenu \u00e0 Bourges, lors de l&#8217;exposition qui s&#8217;est d\u00e9roul\u00e9e les 15 et 16 mars 2025. <\/p>\n\n\n\n<p>Ci-apr\u00e8s les photos des modules class\u00e9s au palmar\u00e8s plac\u00e9es dans l&#8217;ordre de pr\u00e9sentation sur l&#8217;ensemble SceNic,<em> record homologu\u00e9 de longueur<\/em>, tel que pr\u00e9sent\u00e9 lors de l&#8217;expo.<\/p>\n\n\n\n<p><strong>L&#8217;usine du terminus<\/strong><\/p>\n\n\n\n<figure class=\"wp-block-image\"><img loading=\"lazy\" decoding=\"async\" width=\"1000\" height=\"243\" src=\"http:\/\/afan.fr\/blog\/wp-content\/uploads\/2025\/04\/Cor-USINE-DU-TERMINUS-1.jpg\" alt=\"\" class=\"wp-image-5211\" srcset=\"https:\/\/afan.fr\/blog\/wp-content\/uploads\/2025\/04\/Cor-USINE-DU-TERMINUS-1.jpg 1000w, https:\/\/afan.fr\/blog\/wp-content\/uploads\/2025\/04\/Cor-USINE-DU-TERMINUS-1-300x73.jpg 300w, https:\/\/afan.fr\/blog\/wp-content\/uploads\/2025\/04\/Cor-USINE-DU-TERMINUS-1-768x187.jpg 768w\" sizes=\"auto, (max-width: 1000px) 100vw, 1000px\" \/><\/figure>\n\n\n\n<p>Le moulin de la rivi\u00e8re<\/p>\n\n\n\n<figure class=\"wp-block-image\"><img loading=\"lazy\" decoding=\"async\" width=\"1000\" height=\"301\" src=\"http:\/\/afan.fr\/blog\/wp-content\/uploads\/2025\/04\/Cor-MOULIN-DE-LA-RIVIERE-1.jpg\" alt=\"\" class=\"wp-image-5212\" srcset=\"https:\/\/afan.fr\/blog\/wp-content\/uploads\/2025\/04\/Cor-MOULIN-DE-LA-RIVIERE-1.jpg 1000w, https:\/\/afan.fr\/blog\/wp-content\/uploads\/2025\/04\/Cor-MOULIN-DE-LA-RIVIERE-1-300x90.jpg 300w, https:\/\/afan.fr\/blog\/wp-content\/uploads\/2025\/04\/Cor-MOULIN-DE-LA-RIVIERE-1-768x231.jpg 768w\" sizes=\"auto, (max-width: 1000px) 100vw, 1000px\" \/><\/figure>\n\n\n\n<p><strong>Un p&#8217;tit coin de Chartreuse<\/strong><\/p>\n\n\n\n<figure class=\"wp-block-image\"><img loading=\"lazy\" decoding=\"async\" width=\"1000\" height=\"461\" src=\"http:\/\/afan.fr\/blog\/wp-content\/uploads\/2025\/04\/Cor-PETIT-COIN-DE-CHARTREUSE-3.jpg\" alt=\"\" class=\"wp-image-5213\" srcset=\"https:\/\/afan.fr\/blog\/wp-content\/uploads\/2025\/04\/Cor-PETIT-COIN-DE-CHARTREUSE-3.jpg 1000w, https:\/\/afan.fr\/blog\/wp-content\/uploads\/2025\/04\/Cor-PETIT-COIN-DE-CHARTREUSE-3-300x138.jpg 300w, https:\/\/afan.fr\/blog\/wp-content\/uploads\/2025\/04\/Cor-PETIT-COIN-DE-CHARTREUSE-3-768x354.jpg 768w\" sizes=\"auto, (max-width: 1000px) 100vw, 1000px\" \/><\/figure>\n\n\n\n<p><strong>Le village fran\u00e7ais<\/strong><\/p>\n\n\n\n<figure class=\"wp-block-image\"><img loading=\"lazy\" decoding=\"async\" width=\"1000\" height=\"438\" src=\"http:\/\/afan.fr\/blog\/wp-content\/uploads\/2025\/04\/Cor-VILLAGE-FRANCAIS-1.jpg\" alt=\"\" class=\"wp-image-5214\" srcset=\"https:\/\/afan.fr\/blog\/wp-content\/uploads\/2025\/04\/Cor-VILLAGE-FRANCAIS-1.jpg 1000w, https:\/\/afan.fr\/blog\/wp-content\/uploads\/2025\/04\/Cor-VILLAGE-FRANCAIS-1-300x131.jpg 300w, https:\/\/afan.fr\/blog\/wp-content\/uploads\/2025\/04\/Cor-VILLAGE-FRANCAIS-1-768x336.jpg 768w\" sizes=\"auto, (max-width: 1000px) 100vw, 1000px\" \/><\/figure>\n\n\n\n<p><strong>Le d\u00e9p\u00f4t diesel<\/strong><\/p>\n\n\n\n<figure class=\"wp-block-image\"><img loading=\"lazy\" decoding=\"async\" width=\"1000\" height=\"572\" src=\"http:\/\/afan.fr\/blog\/wp-content\/uploads\/2025\/04\/Cor-DEPOT-DIESEL-2.jpg\" alt=\"\" class=\"wp-image-5215\" srcset=\"https:\/\/afan.fr\/blog\/wp-content\/uploads\/2025\/04\/Cor-DEPOT-DIESEL-2.jpg 1000w, https:\/\/afan.fr\/blog\/wp-content\/uploads\/2025\/04\/Cor-DEPOT-DIESEL-2-300x172.jpg 300w, https:\/\/afan.fr\/blog\/wp-content\/uploads\/2025\/04\/Cor-DEPOT-DIESEL-2-768x439.jpg 768w\" sizes=\"auto, (max-width: 1000px) 100vw, 1000px\" \/><\/figure>\n\n\n\n<p><strong>La gare de la Bastille<\/strong><\/p>\n\n\n\n<figure class=\"wp-block-image\"><img loading=\"lazy\" decoding=\"async\" width=\"1000\" height=\"534\" src=\"http:\/\/afan.fr\/blog\/wp-content\/uploads\/2025\/04\/Cor-BASTILLE-2.jpg\" alt=\"\" class=\"wp-image-5216\" srcset=\"https:\/\/afan.fr\/blog\/wp-content\/uploads\/2025\/04\/Cor-BASTILLE-2.jpg 1000w, https:\/\/afan.fr\/blog\/wp-content\/uploads\/2025\/04\/Cor-BASTILLE-2-300x160.jpg 300w, https:\/\/afan.fr\/blog\/wp-content\/uploads\/2025\/04\/Cor-BASTILLE-2-768x410.jpg 768w\" sizes=\"auto, (max-width: 1000px) 100vw, 1000px\" \/><\/figure>\n\n\n\n<p style=\"text-align:left\"><strong>Les Ets DANTAN \u00e0 Ivry<\/strong><\/p>\n\n\n\n<figure class=\"wp-block-image\"><img loading=\"lazy\" decoding=\"async\" width=\"1000\" height=\"604\" src=\"http:\/\/afan.fr\/blog\/wp-content\/uploads\/2025\/04\/Cor-DANTAN-2.jpg\" alt=\"\" class=\"wp-image-5217\" srcset=\"https:\/\/afan.fr\/blog\/wp-content\/uploads\/2025\/04\/Cor-DANTAN-2.jpg 1000w, https:\/\/afan.fr\/blog\/wp-content\/uploads\/2025\/04\/Cor-DANTAN-2-300x181.jpg 300w, https:\/\/afan.fr\/blog\/wp-content\/uploads\/2025\/04\/Cor-DANTAN-2-768x464.jpg 768w\" sizes=\"auto, (max-width: 1000px) 100vw, 1000px\" \/><\/figure>\n\n\n\n<p><strong>Les Houblonni\u00e8res<\/strong><\/p>\n\n\n\n<figure class=\"wp-block-image\"><img loading=\"lazy\" decoding=\"async\" width=\"1000\" height=\"405\" src=\"http:\/\/afan.fr\/blog\/wp-content\/uploads\/2025\/04\/Cor-HOUBLONIERES-4.jpg\" alt=\"\" class=\"wp-image-5218\" srcset=\"https:\/\/afan.fr\/blog\/wp-content\/uploads\/2025\/04\/Cor-HOUBLONIERES-4.jpg 1000w, https:\/\/afan.fr\/blog\/wp-content\/uploads\/2025\/04\/Cor-HOUBLONIERES-4-300x122.jpg 300w, https:\/\/afan.fr\/blog\/wp-content\/uploads\/2025\/04\/Cor-HOUBLONIERES-4-768x311.jpg 768w\" sizes=\"auto, (max-width: 1000px) 100vw, 1000px\" \/><\/figure>\n\n\n\n<p><strong>Les Aci\u00e8ries de Normandie<\/strong><\/p>\n\n\n\n<figure class=\"wp-block-image\"><img loading=\"lazy\" decoding=\"async\" width=\"1000\" height=\"523\" src=\"http:\/\/afan.fr\/blog\/wp-content\/uploads\/2025\/04\/Cor-ACERIES-DE-NORMANDIE-1.jpg\" alt=\"\" class=\"wp-image-5219\" srcset=\"https:\/\/afan.fr\/blog\/wp-content\/uploads\/2025\/04\/Cor-ACERIES-DE-NORMANDIE-1.jpg 1000w, https:\/\/afan.fr\/blog\/wp-content\/uploads\/2025\/04\/Cor-ACERIES-DE-NORMANDIE-1-300x157.jpg 300w, https:\/\/afan.fr\/blog\/wp-content\/uploads\/2025\/04\/Cor-ACERIES-DE-NORMANDIE-1-768x402.jpg 768w\" sizes=\"auto, (max-width: 1000px) 100vw, 1000px\" \/><\/figure>\n\n\n\n<p><strong>Le poteau St Luc<\/strong><\/p>\n\n\n\n<figure class=\"wp-block-image\"><img loading=\"lazy\" decoding=\"async\" width=\"1000\" height=\"565\" src=\"http:\/\/afan.fr\/blog\/wp-content\/uploads\/2025\/04\/Cor-poteau-st-luc-chambery-2024.jpg\" alt=\"\" class=\"wp-image-5220\" srcset=\"https:\/\/afan.fr\/blog\/wp-content\/uploads\/2025\/04\/Cor-poteau-st-luc-chambery-2024.jpg 1000w, https:\/\/afan.fr\/blog\/wp-content\/uploads\/2025\/04\/Cor-poteau-st-luc-chambery-2024-300x170.jpg 300w, https:\/\/afan.fr\/blog\/wp-content\/uploads\/2025\/04\/Cor-poteau-st-luc-chambery-2024-768x434.jpg 768w\" sizes=\"auto, (max-width: 1000px) 100vw, 1000px\" \/><figcaption><strong>Photos Pascal GESELL<\/strong><\/figcaption><\/figure>\n\n\n\n<p>Le palmar\u00e8s, suite au vote des visiteurs, est le suivant :<\/p>\n\n\n\n<figure class=\"wp-block-image\"><img loading=\"lazy\" decoding=\"async\" width=\"870\" height=\"394\" src=\"http:\/\/afan.fr\/blog\/wp-content\/uploads\/2025\/04\/Palmar\u00e8s.jpg\" alt=\"\" class=\"wp-image-5222\" srcset=\"https:\/\/afan.fr\/blog\/wp-content\/uploads\/2025\/04\/Palmar\u00e8s.jpg 870w, https:\/\/afan.fr\/blog\/wp-content\/uploads\/2025\/04\/Palmar\u00e8s-300x136.jpg 300w, https:\/\/afan.fr\/blog\/wp-content\/uploads\/2025\/04\/Palmar\u00e8s-768x348.jpg 768w\" sizes=\"auto, (max-width: 870px) 100vw, 870px\" \/><\/figure>\n\n\n\n<p>Jean Yves Page s&#8217;est joint \u00e0 RMF et \u00e0 l&#8217;AFAN afin de doter ce concours &#8211; Merci.<\/p>\n","protected":false},"excerpt":{"rendered":"<p>L&#8217;Association Fran\u00e7aise des Amis du N, le Club de Bourges et la revue Rail Miniature Flash ont organis\u00e9 un concours de r\u00e9alisation de modules &#8220;SceNic&#8221; \u00e0 l&#8217;\u00e9chelle N. Ce concours, initialement pr\u00e9vu \u00e0 St Mand\u00e9, s&#8217;est finalement tenu \u00e0 Bourges, lors de l&#8217;exposition qui s&#8217;est d\u00e9roul\u00e9e les 15 et 16 mars 2025. Ci-apr\u00e8s les photos [&hellip;]<\/p>\n","protected":false},"author":1,"featured_media":0,"parent":0,"menu_order":8,"comment_status":"closed","ping_status":"closed","template":"","meta":{"_s2mail":"yes","footnotes":""},"class_list":["post-4181","page","type-page","status-publish","hentry"],"_links":{"self":[{"href":"https:\/\/afan.fr\/blog\/index.php\/wp-json\/wp\/v2\/pages\/4181","targetHints":{"allow":["GET"]}}],"collection":[{"href":"https:\/\/afan.fr\/blog\/index.php\/wp-json\/wp\/v2\/pages"}],"about":[{"href":"https:\/\/afan.fr\/blog\/index.php\/wp-json\/wp\/v2\/types\/page"}],"author":[{"embeddable":true,"href":"https:\/\/afan.fr\/blog\/index.php\/wp-json\/wp\/v2\/users\/1"}],"replies":[{"embeddable":true,"href":"https:\/\/afan.fr\/blog\/index.php\/wp-json\/wp\/v2\/comments?post=4181"}],"version-history":[{"count":7,"href":"https:\/\/afan.fr\/blog\/index.php\/wp-json\/wp\/v2\/pages\/4181\/revisions"}],"predecessor-version":[{"id":5223,"href":"https:\/\/afan.fr\/blog\/index.php\/wp-json\/wp\/v2\/pages\/4181\/revisions\/5223"}],"wp:attachment":[{"href":"https:\/\/afan.fr\/blog\/index.php\/wp-json\/wp\/v2\/media?parent=4181"}],"curies":[{"name":"wp","href":"https:\/\/api.w.org\/{rel}","templated":true}]}}