{"id":2463,"date":"2020-01-01T15:49:04","date_gmt":"2020-01-01T14:49:04","guid":{"rendered":"http:\/\/afan.fr\/blog\/?page_id=2463"},"modified":"2023-03-08T16:29:55","modified_gmt":"2023-03-08T15:29:55","slug":"concours-2021","status":"publish","type":"page","link":"https:\/\/afan.fr\/blog\/index.php\/concours-2021\/","title":{"rendered":"Concours 2023"},"content":{"rendered":"\n<p>Nous avions, avec le SMCF et la MJC Provins, organis\u00e9 un concours bas\u00e9 sur le module &#8220;SceNic&#8221; se d\u00e9roulant pendant l&#8217;exposition de St Mand\u00e9 de janvier 2023.<\/p>\n\n\n\n<p>Voici les 10 modules du concours, pr\u00e9sent\u00e9s selon la position d&#8217;installation \u00e0 St Mand\u00e9, puis le tableau du palmar\u00e8s (2 modules non termin\u00e9s ne sont pas pr\u00e9sent\u00e9s en photos).<\/p>\n\n\n\n<p><strong>Seul face \u00e0 la Loz\u00e8re<\/strong><\/p>\n\n\n\n<figure class=\"wp-block-image\"><img loading=\"lazy\" decoding=\"async\" width=\"1000\" height=\"452\" src=\"http:\/\/afan.fr\/blog\/wp-content\/uploads\/2023\/03\/Site-stMAnd23_0044.jpg\" alt=\"\" class=\"wp-image-4115\" srcset=\"https:\/\/afan.fr\/blog\/wp-content\/uploads\/2023\/03\/Site-stMAnd23_0044.jpg 1000w, https:\/\/afan.fr\/blog\/wp-content\/uploads\/2023\/03\/Site-stMAnd23_0044-300x136.jpg 300w, https:\/\/afan.fr\/blog\/wp-content\/uploads\/2023\/03\/Site-stMAnd23_0044-768x347.jpg 768w\" sizes=\"auto, (max-width: 1000px) 100vw, 1000px\" \/><\/figure>\n\n\n\n<p><strong>Tourouvre<\/strong><\/p>\n\n\n\n<figure class=\"wp-block-image\"><img loading=\"lazy\" decoding=\"async\" width=\"1000\" height=\"667\" src=\"http:\/\/afan.fr\/blog\/wp-content\/uploads\/2023\/03\/Site-stMAnd23b_0025.jpg\" alt=\"\" class=\"wp-image-4116\" srcset=\"https:\/\/afan.fr\/blog\/wp-content\/uploads\/2023\/03\/Site-stMAnd23b_0025.jpg 1000w, https:\/\/afan.fr\/blog\/wp-content\/uploads\/2023\/03\/Site-stMAnd23b_0025-300x200.jpg 300w, https:\/\/afan.fr\/blog\/wp-content\/uploads\/2023\/03\/Site-stMAnd23b_0025-768x512.jpg 768w\" sizes=\"auto, (max-width: 1000px) 100vw, 1000px\" \/><\/figure>\n\n\n\n<p><strong>Le ch\u00e2teau de Lavo\u00fbte Polignac<\/strong><\/p>\n\n\n\n<figure class=\"wp-block-image\"><img loading=\"lazy\" decoding=\"async\" width=\"1000\" height=\"667\" src=\"http:\/\/afan.fr\/blog\/wp-content\/uploads\/2023\/03\/Site-rAilEXp22_0139.jpg\" alt=\"\" class=\"wp-image-4117\" srcset=\"https:\/\/afan.fr\/blog\/wp-content\/uploads\/2023\/03\/Site-rAilEXp22_0139.jpg 1000w, https:\/\/afan.fr\/blog\/wp-content\/uploads\/2023\/03\/Site-rAilEXp22_0139-300x200.jpg 300w, https:\/\/afan.fr\/blog\/wp-content\/uploads\/2023\/03\/Site-rAilEXp22_0139-768x512.jpg 768w\" sizes=\"auto, (max-width: 1000px) 100vw, 1000px\" \/><\/figure>\n\n\n\n<p><strong>L&#8217;estacade<\/strong><\/p>\n\n\n\n<figure class=\"wp-block-image\"><img loading=\"lazy\" decoding=\"async\" width=\"1000\" height=\"512\" src=\"http:\/\/afan.fr\/blog\/wp-content\/uploads\/2023\/03\/Site-stMAnd23_0034.jpg\" alt=\"\" class=\"wp-image-4118\" srcset=\"https:\/\/afan.fr\/blog\/wp-content\/uploads\/2023\/03\/Site-stMAnd23_0034.jpg 1000w, https:\/\/afan.fr\/blog\/wp-content\/uploads\/2023\/03\/Site-stMAnd23_0034-300x154.jpg 300w, https:\/\/afan.fr\/blog\/wp-content\/uploads\/2023\/03\/Site-stMAnd23_0034-768x393.jpg 768w\" sizes=\"auto, (max-width: 1000px) 100vw, 1000px\" \/><\/figure>\n\n\n\n<p><strong>Il \u00e9tait une Foix<\/strong><\/p>\n\n\n\n<figure class=\"wp-block-image\"><img loading=\"lazy\" decoding=\"async\" width=\"1000\" height=\"667\" src=\"http:\/\/afan.fr\/blog\/wp-content\/uploads\/2023\/03\/Site-stMAnd23b_0175.jpg\" alt=\"\" class=\"wp-image-4119\" srcset=\"https:\/\/afan.fr\/blog\/wp-content\/uploads\/2023\/03\/Site-stMAnd23b_0175.jpg 1000w, https:\/\/afan.fr\/blog\/wp-content\/uploads\/2023\/03\/Site-stMAnd23b_0175-300x200.jpg 300w, https:\/\/afan.fr\/blog\/wp-content\/uploads\/2023\/03\/Site-stMAnd23b_0175-768x512.jpg 768w\" sizes=\"auto, (max-width: 1000px) 100vw, 1000px\" \/><\/figure>\n\n\n\n<p><strong>La gare du Pont Neuf<\/strong><\/p>\n\n\n\n<figure class=\"wp-block-image\"><img loading=\"lazy\" decoding=\"async\" width=\"1000\" height=\"574\" src=\"http:\/\/afan.fr\/blog\/wp-content\/uploads\/2023\/03\/Site-stMAnd23_0061.jpg\" alt=\"\" class=\"wp-image-4120\" srcset=\"https:\/\/afan.fr\/blog\/wp-content\/uploads\/2023\/03\/Site-stMAnd23_0061.jpg 1000w, https:\/\/afan.fr\/blog\/wp-content\/uploads\/2023\/03\/Site-stMAnd23_0061-300x172.jpg 300w, https:\/\/afan.fr\/blog\/wp-content\/uploads\/2023\/03\/Site-stMAnd23_0061-768x441.jpg 768w\" sizes=\"auto, (max-width: 1000px) 100vw, 1000px\" \/><\/figure>\n\n\n\n<p><strong>Ceinture et Bretelles<\/strong><\/p>\n\n\n\n<figure class=\"wp-block-image\"><img loading=\"lazy\" decoding=\"async\" width=\"1000\" height=\"608\" src=\"http:\/\/afan.fr\/blog\/wp-content\/uploads\/2023\/03\/Site-stMAnd23b_0114.jpg\" alt=\"\" class=\"wp-image-4121\" srcset=\"https:\/\/afan.fr\/blog\/wp-content\/uploads\/2023\/03\/Site-stMAnd23b_0114.jpg 1000w, https:\/\/afan.fr\/blog\/wp-content\/uploads\/2023\/03\/Site-stMAnd23b_0114-300x182.jpg 300w, https:\/\/afan.fr\/blog\/wp-content\/uploads\/2023\/03\/Site-stMAnd23b_0114-768x467.jpg 768w\" sizes=\"auto, (max-width: 1000px) 100vw, 1000px\" \/><\/figure>\n\n\n\n<p><strong>La Corniche d&#8217;Or<\/strong><\/p>\n\n\n\n<figure class=\"wp-block-image\"><img loading=\"lazy\" decoding=\"async\" width=\"1000\" height=\"646\" src=\"http:\/\/afan.fr\/blog\/wp-content\/uploads\/2023\/03\/Site-stMAnd23b_0180.jpg\" alt=\"\" class=\"wp-image-4122\" srcset=\"https:\/\/afan.fr\/blog\/wp-content\/uploads\/2023\/03\/Site-stMAnd23b_0180.jpg 1000w, https:\/\/afan.fr\/blog\/wp-content\/uploads\/2023\/03\/Site-stMAnd23b_0180-300x194.jpg 300w, https:\/\/afan.fr\/blog\/wp-content\/uploads\/2023\/03\/Site-stMAnd23b_0180-768x496.jpg 768w\" sizes=\"auto, (max-width: 1000px) 100vw, 1000px\" \/><\/figure>\n\n\n\n<p><strong>La grande Vall\u00e9e<\/strong><\/p>\n\n\n\n<figure class=\"wp-block-image\"><img loading=\"lazy\" decoding=\"async\" width=\"1000\" height=\"667\" src=\"http:\/\/afan.fr\/blog\/wp-content\/uploads\/2023\/03\/Site-stMAnd23b_0144.jpg\" alt=\"\" class=\"wp-image-4123\" srcset=\"https:\/\/afan.fr\/blog\/wp-content\/uploads\/2023\/03\/Site-stMAnd23b_0144.jpg 1000w, https:\/\/afan.fr\/blog\/wp-content\/uploads\/2023\/03\/Site-stMAnd23b_0144-300x200.jpg 300w, https:\/\/afan.fr\/blog\/wp-content\/uploads\/2023\/03\/Site-stMAnd23b_0144-768x512.jpg 768w\" sizes=\"auto, (max-width: 1000px) 100vw, 1000px\" \/><\/figure>\n\n\n\n<p><strong>La gare de St Paul<\/strong><\/p>\n\n\n\n<figure class=\"wp-block-image\"><img loading=\"lazy\" decoding=\"async\" width=\"1000\" height=\"667\" src=\"http:\/\/afan.fr\/blog\/wp-content\/uploads\/2023\/03\/Site-stMAnd23b_0168.jpg\" alt=\"\" class=\"wp-image-4124\" srcset=\"https:\/\/afan.fr\/blog\/wp-content\/uploads\/2023\/03\/Site-stMAnd23b_0168.jpg 1000w, https:\/\/afan.fr\/blog\/wp-content\/uploads\/2023\/03\/Site-stMAnd23b_0168-300x200.jpg 300w, https:\/\/afan.fr\/blog\/wp-content\/uploads\/2023\/03\/Site-stMAnd23b_0168-768x512.jpg 768w\" sizes=\"auto, (max-width: 1000px) 100vw, 1000px\" \/><\/figure>\n\n\n\n<figure class=\"wp-block-image\"><img loading=\"lazy\" decoding=\"async\" width=\"944\" height=\"725\" src=\"http:\/\/afan.fr\/blog\/wp-content\/uploads\/2023\/03\/Palma.jpg\" alt=\"\" class=\"wp-image-4125\" srcset=\"https:\/\/afan.fr\/blog\/wp-content\/uploads\/2023\/03\/Palma.jpg 944w, https:\/\/afan.fr\/blog\/wp-content\/uploads\/2023\/03\/Palma-300x230.jpg 300w, https:\/\/afan.fr\/blog\/wp-content\/uploads\/2023\/03\/Palma-768x590.jpg 768w\" sizes=\"auto, (max-width: 944px) 100vw, 944px\" \/><figcaption><strong><em>Toutes photos Pascal GESELL<\/em><\/strong><\/figcaption><\/figure>\n\n\n\n<p class=\"has-text-color has-vivid-red-color\"><em>Un grand merci et toutes nos f\u00e9licitations aux participants de ce concours, de belles r\u00e9alisations, une chaleureuse ambiance, tout ce qu&#8217;il faut pour donner envie aux visiteurs de se lancer dans la fabrication de tels modules.<\/em><\/p>\n","protected":false},"excerpt":{"rendered":"<p>Nous avions, avec le SMCF et la MJC Provins, organis\u00e9 un concours bas\u00e9 sur le module &#8220;SceNic&#8221; se d\u00e9roulant pendant l&#8217;exposition de St Mand\u00e9 de janvier 2023. Voici les 10 modules du concours, pr\u00e9sent\u00e9s selon la position d&#8217;installation \u00e0 St Mand\u00e9, puis le tableau du palmar\u00e8s (2 modules non termin\u00e9s ne sont pas pr\u00e9sent\u00e9s en [&hellip;]<\/p>\n","protected":false},"author":1,"featured_media":0,"parent":0,"menu_order":7,"comment_status":"closed","ping_status":"closed","template":"","meta":{"_s2mail":"yes","footnotes":""},"class_list":["post-2463","page","type-page","status-publish","hentry"],"_links":{"self":[{"href":"https:\/\/afan.fr\/blog\/index.php\/wp-json\/wp\/v2\/pages\/2463","targetHints":{"allow":["GET"]}}],"collection":[{"href":"https:\/\/afan.fr\/blog\/index.php\/wp-json\/wp\/v2\/pages"}],"about":[{"href":"https:\/\/afan.fr\/blog\/index.php\/wp-json\/wp\/v2\/types\/page"}],"author":[{"embeddable":true,"href":"https:\/\/afan.fr\/blog\/index.php\/wp-json\/wp\/v2\/users\/1"}],"replies":[{"embeddable":true,"href":"https:\/\/afan.fr\/blog\/index.php\/wp-json\/wp\/v2\/comments?post=2463"}],"version-history":[{"count":7,"href":"https:\/\/afan.fr\/blog\/index.php\/wp-json\/wp\/v2\/pages\/2463\/revisions"}],"predecessor-version":[{"id":4127,"href":"https:\/\/afan.fr\/blog\/index.php\/wp-json\/wp\/v2\/pages\/2463\/revisions\/4127"}],"wp:attachment":[{"href":"https:\/\/afan.fr\/blog\/index.php\/wp-json\/wp\/v2\/media?parent=2463"}],"curies":[{"name":"wp","href":"https:\/\/api.w.org\/{rel}","templated":true}]}}