{"id":112,"date":"2016-05-19T13:25:11","date_gmt":"2016-05-19T12:25:11","guid":{"rendered":"http:\/\/afan.fr\/blog\/?page_id=112"},"modified":"2025-02-06T15:45:24","modified_gmt":"2025-02-06T14:45:24","slug":"concours-2017","status":"publish","type":"page","link":"https:\/\/afan.fr\/blog\/index.php\/concours-2017\/","title":{"rendered":"Concours 2017"},"content":{"rendered":"<p><span style=\"color: #000080;\"><strong>Le D\u00e9fi &#8220;N&#8221; Loco Revue \/ Trix \/ AFAN pour 2017<\/strong><\/span><\/p>\n<p><span style=\"color: #000080;\">A l\u2019occasion des 80 ans de Loco-Revue, un concours de petits r\u00e9seaux \u00e0 l\u2019\u00e9chelle N est organis\u00e9 en collaboration avec l\u2019Association Fran\u00e7aise des Amis du N (AFAN) et sous le parrainage de la firme Trix.<\/span><\/p>\n<p><span style=\"color: #000080;\">Voici donc, par ordre alphab\u00e9tique de leurs auteurs, &nbsp;les 8 r\u00e9seaux pr\u00e9sent\u00e9s au &#8220;<strong>D\u00e9fi AFAN-LocoRevue-Trix<\/strong>&#8221; :<\/span><\/p>\n<p><span style=\"color: #000080;\">&#8211; &#8220;ShamoNi&#8221; d&#8217;Alain <strong>Debize<\/strong> et le Club de St Etienne<\/span><\/p>\n<p><span style=\"color: #000080;\"><img loading=\"lazy\" decoding=\"async\" class=\"aligncenter wp-image-746 size-full\" src=\"http:\/\/afan.fr\/blog\/wp-content\/uploads\/2017\/04\/ShamoNi-St-Etienne.jpg\" alt=\"\" width=\"1100\" height=\"618\" srcset=\"https:\/\/afan.fr\/blog\/wp-content\/uploads\/2017\/04\/ShamoNi-St-Etienne.jpg 1100w, https:\/\/afan.fr\/blog\/wp-content\/uploads\/2017\/04\/ShamoNi-St-Etienne-300x169.jpg 300w, https:\/\/afan.fr\/blog\/wp-content\/uploads\/2017\/04\/ShamoNi-St-Etienne-768x431.jpg 768w, https:\/\/afan.fr\/blog\/wp-content\/uploads\/2017\/04\/ShamoNi-St-Etienne-1024x575.jpg 1024w\" sizes=\"auto, (max-width: 1100px) 100vw, 1100px\" \/><\/span><\/p>\n<p><span style=\"color: #000080;\">&#8211; &#8220;Doisneau sur Seine&#8221; de Philippe <strong>Delperdange<\/strong><\/span><\/p>\n<p><span style=\"color: #000080;\"><img loading=\"lazy\" decoding=\"async\" class=\"aligncenter wp-image-747 size-full\" src=\"http:\/\/afan.fr\/blog\/wp-content\/uploads\/2017\/04\/Doisneau_Delperdange.jpg\" alt=\"\" width=\"1100\" height=\"461\" srcset=\"https:\/\/afan.fr\/blog\/wp-content\/uploads\/2017\/04\/Doisneau_Delperdange.jpg 1100w, https:\/\/afan.fr\/blog\/wp-content\/uploads\/2017\/04\/Doisneau_Delperdange-300x126.jpg 300w, https:\/\/afan.fr\/blog\/wp-content\/uploads\/2017\/04\/Doisneau_Delperdange-768x322.jpg 768w, https:\/\/afan.fr\/blog\/wp-content\/uploads\/2017\/04\/Doisneau_Delperdange-1024x429.jpg 1024w\" sizes=\"auto, (max-width: 1100px) 100vw, 1100px\" \/><\/span><\/p>\n<p><span style=\"color: #000080;\">&#8211; &#8220;H\u00f4pital du Grosbois&#8221; de Eric <strong>Durand<\/strong><\/span><\/p>\n<p><span style=\"color: #000080;\"><img loading=\"lazy\" decoding=\"async\" class=\"aligncenter wp-image-748 size-full\" src=\"http:\/\/afan.fr\/blog\/wp-content\/uploads\/2017\/04\/H\u00f6pital-Grosbois-Durand.jpg\" alt=\"\" width=\"1100\" height=\"380\" srcset=\"https:\/\/afan.fr\/blog\/wp-content\/uploads\/2017\/04\/H\u00f6pital-Grosbois-Durand.jpg 1100w, https:\/\/afan.fr\/blog\/wp-content\/uploads\/2017\/04\/H\u00f6pital-Grosbois-Durand-300x104.jpg 300w, https:\/\/afan.fr\/blog\/wp-content\/uploads\/2017\/04\/H\u00f6pital-Grosbois-Durand-768x265.jpg 768w, https:\/\/afan.fr\/blog\/wp-content\/uploads\/2017\/04\/H\u00f6pital-Grosbois-Durand-1024x354.jpg 1024w\" sizes=\"auto, (max-width: 1100px) 100vw, 1100px\" \/><\/span><\/p>\n<p><span style=\"color: #000080;\">&#8211; &#8220;Marchand&#8217;N&#8221; de Herv\u00e9 <strong>Grandin<\/strong><\/span><\/p>\n<p><span style=\"color: #000080;\"><img loading=\"lazy\" decoding=\"async\" class=\"aligncenter wp-image-749 size-full\" src=\"http:\/\/afan.fr\/blog\/wp-content\/uploads\/2017\/04\/MarchandN-Grandin.jpg\" alt=\"\" width=\"1100\" height=\"448\" srcset=\"https:\/\/afan.fr\/blog\/wp-content\/uploads\/2017\/04\/MarchandN-Grandin.jpg 1100w, https:\/\/afan.fr\/blog\/wp-content\/uploads\/2017\/04\/MarchandN-Grandin-300x122.jpg 300w, https:\/\/afan.fr\/blog\/wp-content\/uploads\/2017\/04\/MarchandN-Grandin-768x313.jpg 768w, https:\/\/afan.fr\/blog\/wp-content\/uploads\/2017\/04\/MarchandN-Grandin-1024x417.jpg 1024w\" sizes=\"auto, (max-width: 1100px) 100vw, 1100px\" \/><\/span><\/p>\n<p><span style=\"color: #000080;\">&#8211; &#8220;Automne \u00e0 Cartonm\u00e9nil&#8221; de Philippe <strong>Marc<\/strong><\/span><\/p>\n<p><span style=\"color: #000080;\"><img loading=\"lazy\" decoding=\"async\" class=\"aligncenter wp-image-756 size-full\" src=\"http:\/\/afan.fr\/blog\/wp-content\/uploads\/2017\/04\/Automne-Cartonm\u00e9nil-Marc.jpg\" alt=\"\" width=\"1100\" height=\"427\" srcset=\"https:\/\/afan.fr\/blog\/wp-content\/uploads\/2017\/04\/Automne-Cartonm\u00e9nil-Marc.jpg 1100w, https:\/\/afan.fr\/blog\/wp-content\/uploads\/2017\/04\/Automne-Cartonm\u00e9nil-Marc-300x116.jpg 300w, https:\/\/afan.fr\/blog\/wp-content\/uploads\/2017\/04\/Automne-Cartonm\u00e9nil-Marc-768x298.jpg 768w, https:\/\/afan.fr\/blog\/wp-content\/uploads\/2017\/04\/Automne-Cartonm\u00e9nil-Marc-1024x397.jpg 1024w\" sizes=\"auto, (max-width: 1100px) 100vw, 1100px\" \/><\/span><\/p>\n<p><span style=\"color: #000080;\">&#8211; &#8220;Kahlbut sur Juine de Cyril <strong>Naud<\/strong><\/span><\/p>\n<p><span style=\"color: #000080;\"><img loading=\"lazy\" decoding=\"async\" class=\"aligncenter wp-image-750 size-full\" src=\"http:\/\/afan.fr\/blog\/wp-content\/uploads\/2017\/04\/Kahlbut-Juine-Naud.jpg\" alt=\"\" width=\"1100\" height=\"388\" srcset=\"https:\/\/afan.fr\/blog\/wp-content\/uploads\/2017\/04\/Kahlbut-Juine-Naud.jpg 1100w, https:\/\/afan.fr\/blog\/wp-content\/uploads\/2017\/04\/Kahlbut-Juine-Naud-300x106.jpg 300w, https:\/\/afan.fr\/blog\/wp-content\/uploads\/2017\/04\/Kahlbut-Juine-Naud-768x271.jpg 768w, https:\/\/afan.fr\/blog\/wp-content\/uploads\/2017\/04\/Kahlbut-Juine-Naud-1024x361.jpg 1024w\" sizes=\"auto, (max-width: 1100px) 100vw, 1100px\" \/><\/span><\/p>\n<p><span style=\"color: #000080;\">&#8211; &#8220;Ets EHG N\u00e9gociant&#8221; de Christophe <strong>Molina<\/strong><\/span><\/p>\n<p><span style=\"color: #000080;\"><img loading=\"lazy\" decoding=\"async\" class=\"aligncenter wp-image-751 size-full\" src=\"http:\/\/afan.fr\/blog\/wp-content\/uploads\/2017\/04\/EHG-Negociant-Molina.jpg\" alt=\"\" width=\"1100\" height=\"642\" srcset=\"https:\/\/afan.fr\/blog\/wp-content\/uploads\/2017\/04\/EHG-Negociant-Molina.jpg 1100w, https:\/\/afan.fr\/blog\/wp-content\/uploads\/2017\/04\/EHG-Negociant-Molina-300x175.jpg 300w, https:\/\/afan.fr\/blog\/wp-content\/uploads\/2017\/04\/EHG-Negociant-Molina-768x448.jpg 768w, https:\/\/afan.fr\/blog\/wp-content\/uploads\/2017\/04\/EHG-Negociant-Molina-1024x598.jpg 1024w\" sizes=\"auto, (max-width: 1100px) 100vw, 1100px\" \/><\/span><\/p>\n<p><span style=\"color: #000080;\">&#8211; &#8220;D\u00e9p\u00f4t de d\u00e9part&#8221; de Michel <strong>Verstegen<\/strong>.<\/span><\/p>\n<p><img loading=\"lazy\" decoding=\"async\" class=\"aligncenter wp-image-752 size-full\" src=\"http:\/\/afan.fr\/blog\/wp-content\/uploads\/2017\/04\/D\u00e9p\u00f4t-de-d\u00e9part-Verstegen.jpg\" alt=\"\" width=\"1100\" height=\"427\" srcset=\"https:\/\/afan.fr\/blog\/wp-content\/uploads\/2017\/04\/D\u00e9p\u00f4t-de-d\u00e9part-Verstegen.jpg 1100w, https:\/\/afan.fr\/blog\/wp-content\/uploads\/2017\/04\/D\u00e9p\u00f4t-de-d\u00e9part-Verstegen-300x116.jpg 300w, https:\/\/afan.fr\/blog\/wp-content\/uploads\/2017\/04\/D\u00e9p\u00f4t-de-d\u00e9part-Verstegen-768x298.jpg 768w, https:\/\/afan.fr\/blog\/wp-content\/uploads\/2017\/04\/D\u00e9p\u00f4t-de-d\u00e9part-Verstegen-1024x397.jpg 1024w\" sizes=\"auto, (max-width: 1100px) 100vw, 1100px\" \/><\/p>\n<p>&nbsp;<\/p>\n<p><span style=\"color: #3366ff;\"><strong>La palmar\u00e8s est le suivant :<\/strong><\/span><\/p>\n<p><span style=\"color: #3366ff;\"><strong><img loading=\"lazy\" decoding=\"async\" class=\"aligncenter wp-image-830 size-large\" src=\"http:\/\/afan.fr\/blog\/wp-content\/uploads\/2016\/05\/Palmar\u00e8s-2017-1024x572.jpg\" alt=\"\" width=\"640\" height=\"358\" srcset=\"https:\/\/afan.fr\/blog\/wp-content\/uploads\/2016\/05\/Palmar\u00e8s-2017-1024x572.jpg 1024w, https:\/\/afan.fr\/blog\/wp-content\/uploads\/2016\/05\/Palmar\u00e8s-2017-300x168.jpg 300w, https:\/\/afan.fr\/blog\/wp-content\/uploads\/2016\/05\/Palmar\u00e8s-2017-768x429.jpg 768w, https:\/\/afan.fr\/blog\/wp-content\/uploads\/2016\/05\/Palmar\u00e8s-2017.jpg 1512w\" sizes=\"auto, (max-width: 640px) 100vw, 640px\" \/><\/strong><\/span><\/p>\n<p><span style=\"color: #800080;\"><em>Merci et bravo aux participants, il faut garder \u00e0 l&#8217;esprit que la diff\u00e9rence des points accord\u00e9s pour les r\u00e9seaux est particuli\u00e8rement faible ce qui d\u00e9montre la grande qualit\u00e9 de leurs r\u00e9alisation.<\/em><\/span><\/p>\n<p><span style=\"color: #3366ff;\"><strong>Rappel<\/strong>, ci-apr\u00e8s des modalit\u00e9s de ce D\u00e9fi.<\/span><\/p>\n<p><span style=\"color: #000080;\"><img loading=\"lazy\" decoding=\"async\" class=\"aligncenter wp-image-135 size-full\" src=\"http:\/\/afan.fr\/blog\/wp-content\/uploads\/2016\/05\/Concours-2017.jpg\" alt=\"Concours 2017\" width=\"1493\" height=\"2110\" srcset=\"https:\/\/afan.fr\/blog\/wp-content\/uploads\/2016\/05\/Concours-2017.jpg 1493w, https:\/\/afan.fr\/blog\/wp-content\/uploads\/2016\/05\/Concours-2017-212x300.jpg 212w, https:\/\/afan.fr\/blog\/wp-content\/uploads\/2016\/05\/Concours-2017-768x1085.jpg 768w, https:\/\/afan.fr\/blog\/wp-content\/uploads\/2016\/05\/Concours-2017-725x1024.jpg 725w\" sizes=\"auto, (max-width: 1493px) 100vw, 1493px\" \/><\/span><\/p>\n","protected":false},"excerpt":{"rendered":"<p>Le D\u00e9fi &#8220;N&#8221; Loco Revue \/ Trix \/ AFAN pour 2017 A l\u2019occasion des 80 ans de Loco-Revue, un concours de petits r\u00e9seaux \u00e0 l\u2019\u00e9chelle N est organis\u00e9 en collaboration avec l\u2019Association Fran\u00e7aise des Amis du N (AFAN) et sous le parrainage de la firme Trix. Voici donc, par ordre alphab\u00e9tique de leurs auteurs, &nbsp;les [&hellip;]<\/p>\n","protected":false},"author":1,"featured_media":0,"parent":0,"menu_order":4,"comment_status":"closed","ping_status":"closed","template":"","meta":{"_s2mail":"yes","footnotes":""},"class_list":["post-112","page","type-page","status-publish","hentry"],"_links":{"self":[{"href":"https:\/\/afan.fr\/blog\/index.php\/wp-json\/wp\/v2\/pages\/112","targetHints":{"allow":["GET"]}}],"collection":[{"href":"https:\/\/afan.fr\/blog\/index.php\/wp-json\/wp\/v2\/pages"}],"about":[{"href":"https:\/\/afan.fr\/blog\/index.php\/wp-json\/wp\/v2\/types\/page"}],"author":[{"embeddable":true,"href":"https:\/\/afan.fr\/blog\/index.php\/wp-json\/wp\/v2\/users\/1"}],"replies":[{"embeddable":true,"href":"https:\/\/afan.fr\/blog\/index.php\/wp-json\/wp\/v2\/comments?post=112"}],"version-history":[{"count":7,"href":"https:\/\/afan.fr\/blog\/index.php\/wp-json\/wp\/v2\/pages\/112\/revisions"}],"predecessor-version":[{"id":5106,"href":"https:\/\/afan.fr\/blog\/index.php\/wp-json\/wp\/v2\/pages\/112\/revisions\/5106"}],"wp:attachment":[{"href":"https:\/\/afan.fr\/blog\/index.php\/wp-json\/wp\/v2\/media?parent=112"}],"curies":[{"name":"wp","href":"https:\/\/api.w.org\/{rel}","templated":true}]}}